{"id":5574,"date":"2024-08-16T14:59:05","date_gmt":"2024-08-16T12:59:05","guid":{"rendered":"https:\/\/entwicklung.kraemer-druck.de\/?page_id=5574"},"modified":"2025-09-26T13:31:57","modified_gmt":"2025-09-26T11:31:57","slug":"hinweis-meldestelle","status":"publish","type":"page","link":"https:\/\/www.kraemer-druck.de\/en\/hinweis-meldestelle\/","title":{"rendered":"Hinweis-Meldestelle"},"content":{"rendered":"<div data-elementor-type=\"wp-page\" data-elementor-id=\"5574\" class=\"elementor elementor-5574\" data-elementor-post-type=\"page\">\n\t\t\t\t<div class=\"elementor-element elementor-element-4a63372a e-flex e-con-boxed e-con e-parent\" data-id=\"4a63372a\" data-element_type=\"container\" data-e-type=\"container\" data-settings=\"{&quot;background_background&quot;:&quot;classic&quot;}\">\n\t\t\t\t\t<div class=\"e-con-inner\">\n\t\t\t\t<div class=\"elementor-element elementor-element-683d6b39 elementor-widget elementor-widget-heading\" data-id=\"683d6b39\" data-element_type=\"widget\" data-e-type=\"widget\" data-widget_type=\"heading.default\">\n\t\t\t\t<div class=\"elementor-widget-container\">\n\t\t\t\t\t<h1 class=\"elementor-heading-title elementor-size-default\">Help us get better!<\/h1>\t\t\t\t<\/div>\n\t\t\t\t<\/div>\n\t\t\t\t<div class=\"elementor-element elementor-element-3782d015 elementor-widget elementor-widget-text-editor\" data-id=\"3782d015\" data-element_type=\"widget\" data-e-type=\"widget\" data-widget_type=\"text-editor.default\">\n\t\t\t\t<div class=\"elementor-widget-container\">\n\t\t\t\t\t\t\t\t\tYou have the option of reporting your concern verbally to the management, your line manager or our internal reporting office, Mr Franz-Josef Kappes.\n<br><br>\nFurthermore, you have the opportunity to report your concerns in writing (also anonymously!) via our whistleblower system:<br>\n<a href=\"https:\/\/kraemer-druck.hinweis.io\/\" target=\"_blank\" rel=\"noopener\">https:\/\/kraemer-druck.hinweis.io\/<\/a>\n<br><br>\nEvery tip is valuable and helps us to find solutions!<br>\n\nContact<br>\n\nFranz-Josef Kappes<br>\n+49 (0) 6531 96 12-12\t\t\t\t\t\t\t\t<\/div>\n\t\t\t\t<\/div>\n\t\t\t\t<div class=\"elementor-element elementor-element-f0c37eb elementor-align-center elementor-widget elementor-widget-button\" data-id=\"f0c37eb\" data-element_type=\"widget\" data-e-type=\"widget\" data-widget_type=\"button.default\">\n\t\t\t\t<div class=\"elementor-widget-container\">\n\t\t\t\t\t\t\t\t\t<div class=\"elementor-button-wrapper\">\n\t\t\t\t\t<a class=\"elementor-button elementor-button-link elementor-size-sm\" href=\"https:\/\/kraemer-druck.hinweis.io\/\" target=\"_blank\">\n\t\t\t\t\t\t<span class=\"elementor-button-content-wrapper\">\n\t\t\t\t\t\t<span class=\"elementor-button-icon\">\n\t\t\t\t<svg xmlns=\"http:\/\/www.w3.org\/2000\/svg\" id=\"a\" width=\"32.11mm\" height=\"27.65mm\" viewbox=\"0 0 91.03 78.37\"><path d=\"M81.73,35.53c-2.05-2.12-4.08-4.27-6.16-6.35-7.86-7.88-15.74-15.74-23.62-23.61-.56-.56-1.38-1.04-1.58-1.71-.37-1.22-.36-2.56-.51-3.85,1.29.12,2.99-.23,3.8.45,2.79,2.36,5.27,5.09,7.86,7.68,9.17,9.16,18.29,18.39,27.55,27.46,2.51,2.46,2.67,4.28.08,6.83-11.67,11.49-23.15,23.15-34.83,34.62-.94.92-3.42,1.68-4.17,1.13-2.05-1.49-.6-3.16.77-4.53,9.35-9.35,18.71-18.71,28.04-28.08.97-.98,1.85-2.05,3.66-4.08-3.1,0-4.99,0-6.88,0-23.45,0-46.89.02-70.34-.04-2.03,0-5.29.99-5.4-2.19-.12-3.58,3.3-2.58,5.44-2.59,23.18-.06,46.37-.03,69.56-.03,2.06,0,4.13,0,6.19,0,.18-.37.36-.75.54-1.12Z\" fill=\"#fff\" stroke-width=\"0\"><\/path><\/svg>\t\t\t<\/span>\n\t\t\t\t\t\t\t\t\t<span class=\"elementor-button-text\">To the tip centre<\/span>\n\t\t\t\t\t<\/span>\n\t\t\t\t\t<\/a>\n\t\t\t\t<\/div>\n\t\t\t\t\t\t\t\t<\/div>\n\t\t\t\t<\/div>\n\t\t\t\t\t<\/div>\n\t\t\t\t<\/div>\n\t\t\t\t<\/div>","protected":false},"excerpt":{"rendered":"<p>Helfen Sie uns, besser zu werden! Sie haben die M\u00f6glichkeit, Ihr Anliegen m\u00fcndlich der Gesch\u00e4ftsleitung, Ihrem Vorgesetzten oder unserer internen Meldestelle Herrn Franz-Josef Kappes mitzuteilen. Des Weiteren haben Sie die M\u00f6glichkeit, sich schriftlich (auch anonym!) \u00fcber unser Hinweisgebersystem zu melden und Ihr Anliegen vorzubringen: https:\/\/kraemer-druck.hinweis.io\/ Jeder Hinweis ist wertvoll und hilft uns, L\u00f6sungen zu finden! [&hellip;]<\/p>\n","protected":false},"author":1,"featured_media":0,"parent":0,"menu_order":0,"comment_status":"closed","ping_status":"closed","template":"","meta":{"footnotes":""},"class_list":["post-5574","page","type-page","status-publish","hentry"],"yoast_head":"<!-- This site is optimized with the Yoast SEO plugin v27.3 - https:\/\/yoast.com\/product\/yoast-seo-wordpress\/ -->\n<title>Hinweis-Meldestelle | Kr\u00e4mer Druck \u2013\u00a0Etikettendruckerei an der Mosel<\/title>\n<meta name=\"robots\" content=\"noindex, follow\" \/>\n<meta property=\"og:locale\" content=\"en_GB\" \/>\n<meta property=\"og:type\" content=\"article\" \/>\n<meta property=\"og:title\" content=\"Hinweis-Meldestelle | Kr\u00e4mer Druck \u2013\u00a0Etikettendruckerei an der Mosel\" \/>\n<meta property=\"og:description\" content=\"Helfen Sie uns, besser zu werden! Sie haben die M\u00f6glichkeit, Ihr Anliegen m\u00fcndlich der Gesch\u00e4ftsleitung, Ihrem Vorgesetzten oder unserer internen Meldestelle Herrn Franz-Josef Kappes mitzuteilen. Des Weiteren haben Sie die M\u00f6glichkeit, sich schriftlich (auch anonym!) \u00fcber unser Hinweisgebersystem zu melden und Ihr Anliegen vorzubringen: https:\/\/kraemer-druck.hinweis.io\/ Jeder Hinweis ist wertvoll und hilft uns, L\u00f6sungen zu finden! [&hellip;]\" \/>\n<meta property=\"og:url\" content=\"https:\/\/www.kraemer-druck.de\/en\/hinweis-meldestelle\/\" \/>\n<meta property=\"og:site_name\" content=\"Kr\u00e4mer Druck \u2013\u00a0Etikettendruckerei an der Mosel\" \/>\n<meta property=\"article:publisher\" content=\"https:\/\/www.facebook.com\/KraemerDruck\" \/>\n<meta property=\"article:modified_time\" content=\"2025-09-26T11:31:57+00:00\" \/>\n<meta property=\"og:image\" content=\"https:\/\/www.kraemer-druck.de\/wp-content\/uploads\/2024\/07\/KraemerDruck_Nachhaltigkeit-jpg.webp\" \/>\n\t<meta property=\"og:image:width\" content=\"1920\" \/>\n\t<meta property=\"og:image:height\" content=\"1189\" \/>\n\t<meta property=\"og:image:type\" content=\"image\/jpeg\" \/>\n<meta name=\"twitter:card\" content=\"summary_large_image\" \/>\n<meta name=\"twitter:label1\" content=\"Estimated reading time\" \/>\n\t<meta name=\"twitter:data1\" content=\"1 minute\" \/>\n<script type=\"application\/ld+json\" class=\"yoast-schema-graph\">{\"@context\":\"https:\\\/\\\/schema.org\",\"@graph\":[{\"@type\":\"WebPage\",\"@id\":\"https:\\\/\\\/www.kraemer-druck.de\\\/hinweis-meldestelle\\\/\",\"url\":\"https:\\\/\\\/www.kraemer-druck.de\\\/hinweis-meldestelle\\\/\",\"name\":\"Hinweis-Meldestelle | Kr\u00e4mer Druck \u2013\u00a0Etikettendruckerei an der Mosel\",\"isPartOf\":{\"@id\":\"https:\\\/\\\/www.kraemer-druck.de\\\/#website\"},\"datePublished\":\"2024-08-16T12:59:05+00:00\",\"dateModified\":\"2025-09-26T11:31:57+00:00\",\"breadcrumb\":{\"@id\":\"https:\\\/\\\/www.kraemer-druck.de\\\/hinweis-meldestelle\\\/#breadcrumb\"},\"inLanguage\":\"en-GB\",\"potentialAction\":[{\"@type\":\"ReadAction\",\"target\":[\"https:\\\/\\\/www.kraemer-druck.de\\\/hinweis-meldestelle\\\/\"]}]},{\"@type\":\"BreadcrumbList\",\"@id\":\"https:\\\/\\\/www.kraemer-druck.de\\\/hinweis-meldestelle\\\/#breadcrumb\",\"itemListElement\":[{\"@type\":\"ListItem\",\"position\":1,\"name\":\"Startseite\",\"item\":\"https:\\\/\\\/www.kraemer-druck.de\\\/\"},{\"@type\":\"ListItem\",\"position\":2,\"name\":\"Hinweis-Meldestelle\"}]},{\"@type\":\"WebSite\",\"@id\":\"https:\\\/\\\/www.kraemer-druck.de\\\/#website\",\"url\":\"https:\\\/\\\/www.kraemer-druck.de\\\/\",\"name\":\"Etikettendruckerei Kr\u00e4mer Druck\",\"description\":\"Etiketten f\u00fcr die Wein-, Sekt- und Spirituosenbranche\",\"publisher\":{\"@id\":\"https:\\\/\\\/www.kraemer-druck.de\\\/#organization\"},\"alternateName\":\"Etikettendruckerei\",\"potentialAction\":[{\"@type\":\"SearchAction\",\"target\":{\"@type\":\"EntryPoint\",\"urlTemplate\":\"https:\\\/\\\/www.kraemer-druck.de\\\/?s={search_term_string}\"},\"query-input\":{\"@type\":\"PropertyValueSpecification\",\"valueRequired\":true,\"valueName\":\"search_term_string\"}}],\"inLanguage\":\"en-GB\"},{\"@type\":\"Organization\",\"@id\":\"https:\\\/\\\/www.kraemer-druck.de\\\/#organization\",\"name\":\"Kr\u00e4mer Druck \u2013\u00a0Etikettendruckerei an der Mosel\",\"alternateName\":\"Kr\u00e4mer Druck GmbH\",\"url\":\"https:\\\/\\\/www.kraemer-druck.de\\\/\",\"logo\":{\"@type\":\"ImageObject\",\"inLanguage\":\"en-GB\",\"@id\":\"https:\\\/\\\/www.kraemer-druck.de\\\/#\\\/schema\\\/logo\\\/image\\\/\",\"url\":\"https:\\\/\\\/www.kraemer-druck.de\\\/wp-content\\\/uploads\\\/2023\\\/08\\\/Logo_.png\",\"contentUrl\":\"https:\\\/\\\/www.kraemer-druck.de\\\/wp-content\\\/uploads\\\/2023\\\/08\\\/Logo_.png\",\"width\":3175,\"height\":730,\"caption\":\"Kr\u00e4mer Druck \u2013\u00a0Etikettendruckerei an der Mosel\"},\"image\":{\"@id\":\"https:\\\/\\\/www.kraemer-druck.de\\\/#\\\/schema\\\/logo\\\/image\\\/\"},\"sameAs\":[\"https:\\\/\\\/www.facebook.com\\\/KraemerDruck\",\"https:\\\/\\\/www.instagram.com\\\/kraemer_druck\",\"https:\\\/\\\/www.youtube.com\\\/@kraemerdruck\",\"https:\\\/\\\/www.linkedin.com\\\/company\\\/kraemerdruck\\\/\"]}]}<\/script>\n<!-- \/ Yoast SEO plugin. -->","yoast_head_json":{"title":"Hinweis-Meldestelle | Kr\u00e4mer Druck \u2013\u00a0Etikettendruckerei an der Mosel","robots":{"index":"noindex","follow":"follow"},"og_locale":"en_GB","og_type":"article","og_title":"Hinweis-Meldestelle | Kr\u00e4mer Druck \u2013\u00a0Etikettendruckerei an der Mosel","og_description":"Helfen Sie uns, besser zu werden! Sie haben die M\u00f6glichkeit, Ihr Anliegen m\u00fcndlich der Gesch\u00e4ftsleitung, Ihrem Vorgesetzten oder unserer internen Meldestelle Herrn Franz-Josef Kappes mitzuteilen. Des Weiteren haben Sie die M\u00f6glichkeit, sich schriftlich (auch anonym!) \u00fcber unser Hinweisgebersystem zu melden und Ihr Anliegen vorzubringen: https:\/\/kraemer-druck.hinweis.io\/ Jeder Hinweis ist wertvoll und hilft uns, L\u00f6sungen zu finden! [&hellip;]","og_url":"https:\/\/www.kraemer-druck.de\/en\/hinweis-meldestelle\/","og_site_name":"Kr\u00e4mer Druck \u2013\u00a0Etikettendruckerei an der Mosel","article_publisher":"https:\/\/www.facebook.com\/KraemerDruck","article_modified_time":"2025-09-26T11:31:57+00:00","og_image":[{"width":1920,"height":1189,"url":"https:\/\/www.kraemer-druck.de\/wp-content\/uploads\/2024\/07\/KraemerDruck_Nachhaltigkeit-jpg.webp","type":"image\/jpeg"}],"twitter_card":"summary_large_image","twitter_misc":{"Estimated reading time":"1 minute"},"schema":{"@context":"https:\/\/schema.org","@graph":[{"@type":"WebPage","@id":"https:\/\/www.kraemer-druck.de\/hinweis-meldestelle\/","url":"https:\/\/www.kraemer-druck.de\/hinweis-meldestelle\/","name":"Hinweis-Meldestelle | Kr\u00e4mer Druck \u2013\u00a0Etikettendruckerei an der Mosel","isPartOf":{"@id":"https:\/\/www.kraemer-druck.de\/#website"},"datePublished":"2024-08-16T12:59:05+00:00","dateModified":"2025-09-26T11:31:57+00:00","breadcrumb":{"@id":"https:\/\/www.kraemer-druck.de\/hinweis-meldestelle\/#breadcrumb"},"inLanguage":"en-GB","potentialAction":[{"@type":"ReadAction","target":["https:\/\/www.kraemer-druck.de\/hinweis-meldestelle\/"]}]},{"@type":"BreadcrumbList","@id":"https:\/\/www.kraemer-druck.de\/hinweis-meldestelle\/#breadcrumb","itemListElement":[{"@type":"ListItem","position":1,"name":"Startseite","item":"https:\/\/www.kraemer-druck.de\/"},{"@type":"ListItem","position":2,"name":"Hinweis-Meldestelle"}]},{"@type":"WebSite","@id":"https:\/\/www.kraemer-druck.de\/#website","url":"https:\/\/www.kraemer-druck.de\/","name":"Etikettendruckerei Kr\u00e4mer Druck","description":"Etiketten f\u00fcr die Wein-, Sekt- und Spirituosenbranche","publisher":{"@id":"https:\/\/www.kraemer-druck.de\/#organization"},"alternateName":"Etikettendruckerei","potentialAction":[{"@type":"SearchAction","target":{"@type":"EntryPoint","urlTemplate":"https:\/\/www.kraemer-druck.de\/?s={search_term_string}"},"query-input":{"@type":"PropertyValueSpecification","valueRequired":true,"valueName":"search_term_string"}}],"inLanguage":"en-GB"},{"@type":"Organization","@id":"https:\/\/www.kraemer-druck.de\/#organization","name":"Kr\u00e4mer Druck \u2013\u00a0Etikettendruckerei an der Mosel","alternateName":"Kr\u00e4mer Druck GmbH","url":"https:\/\/www.kraemer-druck.de\/","logo":{"@type":"ImageObject","inLanguage":"en-GB","@id":"https:\/\/www.kraemer-druck.de\/#\/schema\/logo\/image\/","url":"https:\/\/www.kraemer-druck.de\/wp-content\/uploads\/2023\/08\/Logo_.png","contentUrl":"https:\/\/www.kraemer-druck.de\/wp-content\/uploads\/2023\/08\/Logo_.png","width":3175,"height":730,"caption":"Kr\u00e4mer Druck \u2013\u00a0Etikettendruckerei an der Mosel"},"image":{"@id":"https:\/\/www.kraemer-druck.de\/#\/schema\/logo\/image\/"},"sameAs":["https:\/\/www.facebook.com\/KraemerDruck","https:\/\/www.instagram.com\/kraemer_druck","https:\/\/www.youtube.com\/@kraemerdruck","https:\/\/www.linkedin.com\/company\/kraemerdruck\/"]}]}},"_links":{"self":[{"href":"https:\/\/www.kraemer-druck.de\/en\/wp-json\/wp\/v2\/pages\/5574","targetHints":{"allow":["GET"]}}],"collection":[{"href":"https:\/\/www.kraemer-druck.de\/en\/wp-json\/wp\/v2\/pages"}],"about":[{"href":"https:\/\/www.kraemer-druck.de\/en\/wp-json\/wp\/v2\/types\/page"}],"author":[{"embeddable":true,"href":"https:\/\/www.kraemer-druck.de\/en\/wp-json\/wp\/v2\/users\/1"}],"replies":[{"embeddable":true,"href":"https:\/\/www.kraemer-druck.de\/en\/wp-json\/wp\/v2\/comments?post=5574"}],"version-history":[{"count":19,"href":"https:\/\/www.kraemer-druck.de\/en\/wp-json\/wp\/v2\/pages\/5574\/revisions"}],"predecessor-version":[{"id":7362,"href":"https:\/\/www.kraemer-druck.de\/en\/wp-json\/wp\/v2\/pages\/5574\/revisions\/7362"}],"wp:attachment":[{"href":"https:\/\/www.kraemer-druck.de\/en\/wp-json\/wp\/v2\/media?parent=5574"}],"curies":[{"name":"wp","href":"https:\/\/api.w.org\/{rel}","templated":true}]}}